{"id":3026,"date":"2024-09-10T10:41:15","date_gmt":"2024-09-10T10:41:15","guid":{"rendered":"https:\/\/maisagt.com\/?page_id=3026"},"modified":"2024-09-10T13:42:59","modified_gmt":"2024-09-10T13:42:59","slug":"productos","status":"publish","type":"page","link":"https:\/\/maisagt.com\/?page_id=3026","title":{"rendered":"Productos"},"content":{"rendered":"\t\t<div data-elementor-type=\"wp-page\" data-elementor-id=\"3026\" class=\"elementor elementor-3026\">\n\t\t\t\t<div class=\"elementor-element elementor-element-c61316b e-flex e-con-boxed e-con e-parent\" data-id=\"c61316b\" data-element_type=\"container\">\n\t\t\t\t\t<div class=\"e-con-inner\">\n\t\t\t\t<div class=\"elementor-element elementor-element-13f748b elementor-widget-mobile__width-initial elementor-widget elementor-widget-image\" data-id=\"13f748b\" data-element_type=\"widget\" data-widget_type=\"image.default\">\n\t\t\t\t<div class=\"elementor-widget-container\">\n\t\t\t\t\t\t\t\t\t\t\t\t\t\t\t<img fetchpriority=\"high\" decoding=\"async\" width=\"700\" height=\"350\" src=\"https:\/\/maisagt.com\/wp-content\/uploads\/2024\/09\/productos_maisa.png\" class=\"attachment-medium_large size-medium_large wp-image-2903\" alt=\"\" srcset=\"https:\/\/maisagt.com\/wp-content\/uploads\/2024\/09\/productos_maisa.png 700w, https:\/\/maisagt.com\/wp-content\/uploads\/2024\/09\/productos_maisa-300x150.png 300w, https:\/\/maisagt.com\/wp-content\/uploads\/2024\/09\/productos_maisa-285x143.png 285w, https:\/\/maisagt.com\/wp-content\/uploads\/2024\/09\/productos_maisa-660x330.png 660w, https:\/\/maisagt.com\/wp-content\/uploads\/2024\/09\/productos_maisa-150x75.png 150w\" sizes=\"(max-width: 700px) 100vw, 700px\" \/>\t\t\t\t\t\t\t\t\t\t\t\t\t\t\t<\/div>\n\t\t\t\t<\/div>\n\t\t\t\t<div class=\"elementor-element elementor-element-e30f8c9 elementor-widget elementor-widget-heading\" data-id=\"e30f8c9\" data-element_type=\"widget\" data-widget_type=\"heading.default\">\n\t\t\t\t<div class=\"elementor-widget-container\">\n\t\t\t\t\t<h2 class=\"elementor-heading-title elementor-size-default elementor-heading-title elementor-align-after-center\">\u00a1Practicidad con sabor a familia!<\/h2>\t\t\t\t<\/div>\n\t\t\t\t<\/div>\n\t\t\t\t<div class=\"elementor-element elementor-element-4c2e4ac elementor-widget__width-initial elementor-widget elementor-widget-text-editor\" data-id=\"4c2e4ac\" data-element_type=\"widget\" data-widget_type=\"text-editor.default\">\n\t\t\t\t<div class=\"elementor-widget-container\">\n\t\t\t\t\t\t\t\t\t<p>Conoce nuestras innovaciones en alimentos que estamos seguros de que te encantaran.<\/p>\t\t\t\t\t\t\t\t<\/div>\n\t\t\t\t<\/div>\n\t\t\t\t\t<\/div>\n\t\t\t\t<\/div>\n\t\t<div class=\"elementor-element elementor-element-e270c83 e-flex e-con-boxed e-con e-parent\" data-id=\"e270c83\" data-element_type=\"container\">\n\t\t\t\t\t<div class=\"e-con-inner\">\n\t\t\t\t<div class=\"elementor-element elementor-element-2b49697 elementor-widget-divider--view-line elementor-widget elementor-widget-divider\" data-id=\"2b49697\" data-element_type=\"widget\" data-widget_type=\"divider.default\">\n\t\t\t\t<div class=\"elementor-widget-container\">\n\t\t\t\t\t\t\t<div class=\"elementor-divider\">\n\t\t\t<span class=\"elementor-divider-separator\">\n\t\t\t\t\t\t<\/span>\n\t\t<\/div>\n\t\t\t\t\t\t<\/div>\n\t\t\t\t<\/div>\n\t\t\t\t\t<\/div>\n\t\t\t\t<\/div>\n\t\t<div class=\"elementor-element elementor-element-be33147 e-flex e-con-boxed e-con e-parent\" data-id=\"be33147\" data-element_type=\"container\">\n\t\t\t\t\t<div class=\"e-con-inner\">\n\t\t<div class=\"elementor-element elementor-element-06008a4 e-con-full e-flex e-con e-child\" data-id=\"06008a4\" data-element_type=\"container\">\n\t\t\t\t<div class=\"elementor-element elementor-element-1e5f38d elementor-widget elementor-widget-image\" data-id=\"1e5f38d\" data-element_type=\"widget\" data-widget_type=\"image.default\">\n\t\t\t\t<div class=\"elementor-widget-container\">\n\t\t\t\t\t\t\t\t\t\t\t\t\t\t\t<img decoding=\"async\" width=\"288\" height=\"300\" src=\"https:\/\/maisagt.com\/wp-content\/uploads\/2024\/09\/shakeeasy_maisa-288x300.png\" class=\"attachment-medium size-medium wp-image-2904\" alt=\"\" srcset=\"https:\/\/maisagt.com\/wp-content\/uploads\/2024\/09\/shakeeasy_maisa-288x300.png 288w, https:\/\/maisagt.com\/wp-content\/uploads\/2024\/09\/shakeeasy_maisa-285x297.png 285w, https:\/\/maisagt.com\/wp-content\/uploads\/2024\/09\/shakeeasy_maisa-144x150.png 144w, https:\/\/maisagt.com\/wp-content\/uploads\/2024\/09\/shakeeasy_maisa.png 480w\" sizes=\"(max-width: 288px) 100vw, 288px\" \/>\t\t\t\t\t\t\t\t\t\t\t\t\t\t\t<\/div>\n\t\t\t\t<\/div>\n\t\t\t\t<\/div>\n\t\t<div class=\"elementor-element elementor-element-9f66b5f e-con-full e-flex e-con e-child\" data-id=\"9f66b5f\" data-element_type=\"container\">\n\t\t\t\t<div class=\"elementor-element elementor-element-b9e8cd0 elementor-widget elementor-widget-image\" data-id=\"b9e8cd0\" data-element_type=\"widget\" data-widget_type=\"image.default\">\n\t\t\t\t<div class=\"elementor-widget-container\">\n\t\t\t\t\t\t\t\t\t\t\t\t\t\t\t<img decoding=\"async\" width=\"300\" height=\"225\" src=\"https:\/\/maisagt.com\/wp-content\/uploads\/2024\/09\/logo_shakeeasy_maisa_sarvanutrition-300x225.png\" class=\"attachment-medium size-medium wp-image-2902\" alt=\"\" srcset=\"https:\/\/maisagt.com\/wp-content\/uploads\/2024\/09\/logo_shakeeasy_maisa_sarvanutrition-300x225.png 300w, https:\/\/maisagt.com\/wp-content\/uploads\/2024\/09\/logo_shakeeasy_maisa_sarvanutrition-285x214.png 285w, https:\/\/maisagt.com\/wp-content\/uploads\/2024\/09\/logo_shakeeasy_maisa_sarvanutrition-150x113.png 150w, https:\/\/maisagt.com\/wp-content\/uploads\/2024\/09\/logo_shakeeasy_maisa_sarvanutrition.png 405w\" sizes=\"(max-width: 300px) 100vw, 300px\" \/>\t\t\t\t\t\t\t\t\t\t\t\t\t\t\t<\/div>\n\t\t\t\t<\/div>\n\t\t\t\t<div class=\"elementor-element elementor-element-bd1a13d elementor-widget__width-initial elementor-widget elementor-widget-heading\" data-id=\"bd1a13d\" data-element_type=\"widget\" data-widget_type=\"heading.default\">\n\t\t\t\t<div class=\"elementor-widget-container\">\n\t\t\t\t\t<h3 class=\"elementor-heading-title elementor-size-default elementor-heading-title elementor-align-after-mobile-center\">\u00a1Menos trabajo y m\u00e1s amor!<\/h3>\t\t\t\t<\/div>\n\t\t\t\t<\/div>\n\t\t\t\t<div class=\"elementor-element elementor-element-2381872 elementor-widget elementor-widget-text-editor\" data-id=\"2381872\" data-element_type=\"widget\" data-widget_type=\"text-editor.default\">\n\t\t\t\t<div class=\"elementor-widget-container\">\n\t\t\t\t\t\t\t\t\t<p>Panqueques instant\u00e1neos, del frasco a tu sart\u00e9n.<br \/>Shake &amp; Easy est\u00e1 disponible en sus tres presentaciones de 185 gramos. Sabor Original, Red Velvet y Chocolate. Nunca hab\u00eda sido tan f\u00e1cil preparar panqueques con solo agregar agua o leche.<\/p>\t\t\t\t\t\t\t\t<\/div>\n\t\t\t\t<\/div>\n\t\t\t\t<\/div>\n\t\t\t\t\t<\/div>\n\t\t\t\t<\/div>\n\t\t<div class=\"elementor-element elementor-element-01c77bd e-flex e-con-boxed e-con e-parent\" data-id=\"01c77bd\" data-element_type=\"container\">\n\t\t\t\t\t<div class=\"e-con-inner\">\n\t\t\t\t<div class=\"elementor-element elementor-element-a67e40c elementor-widget-divider--view-line elementor-widget elementor-widget-divider\" data-id=\"a67e40c\" data-element_type=\"widget\" data-widget_type=\"divider.default\">\n\t\t\t\t<div class=\"elementor-widget-container\">\n\t\t\t\t\t\t\t<div class=\"elementor-divider\">\n\t\t\t<span class=\"elementor-divider-separator\">\n\t\t\t\t\t\t<\/span>\n\t\t<\/div>\n\t\t\t\t\t\t<\/div>\n\t\t\t\t<\/div>\n\t\t\t\t\t<\/div>\n\t\t\t\t<\/div>\n\t\t<div class=\"elementor-element elementor-element-17c5062 e-flex e-con-boxed e-con e-parent\" data-id=\"17c5062\" data-element_type=\"container\">\n\t\t\t\t\t<div class=\"e-con-inner\">\n\t\t<div class=\"elementor-element elementor-element-475cd55 e-con-full e-flex e-con e-child\" data-id=\"475cd55\" data-element_type=\"container\">\n\t\t\t\t<div class=\"elementor-element elementor-element-84e1d5a elementor-widget elementor-widget-image\" data-id=\"84e1d5a\" data-element_type=\"widget\" data-widget_type=\"image.default\">\n\t\t\t\t<div class=\"elementor-widget-container\">\n\t\t\t\t\t\t\t\t\t\t\t\t\t\t\t<img loading=\"lazy\" decoding=\"async\" width=\"225\" height=\"300\" src=\"https:\/\/maisagt.com\/wp-content\/uploads\/2024\/09\/champurradas_instantaneos_maisa-225x300.png\" class=\"attachment-medium size-medium wp-image-2906\" alt=\"\" srcset=\"https:\/\/maisagt.com\/wp-content\/uploads\/2024\/09\/champurradas_instantaneos_maisa-225x300.png 225w, https:\/\/maisagt.com\/wp-content\/uploads\/2024\/09\/champurradas_instantaneos_maisa-285x380.png 285w, https:\/\/maisagt.com\/wp-content\/uploads\/2024\/09\/champurradas_instantaneos_maisa-495x660.png 495w, https:\/\/maisagt.com\/wp-content\/uploads\/2024\/09\/champurradas_instantaneos_maisa-112x150.png 112w, https:\/\/maisagt.com\/wp-content\/uploads\/2024\/09\/champurradas_instantaneos_maisa.png 598w\" sizes=\"(max-width: 225px) 100vw, 225px\" \/>\t\t\t\t\t\t\t\t\t\t\t\t\t\t\t<\/div>\n\t\t\t\t<\/div>\n\t\t\t\t<\/div>\n\t\t<div class=\"elementor-element elementor-element-edff6e5 e-con-full e-flex e-con e-child\" data-id=\"edff6e5\" data-element_type=\"container\">\n\t\t\t\t<div class=\"elementor-element elementor-element-c8c2934 elementor-widget elementor-widget-image\" data-id=\"c8c2934\" data-element_type=\"widget\" data-widget_type=\"image.default\">\n\t\t\t\t<div class=\"elementor-widget-container\">\n\t\t\t\t\t\t\t\t\t\t\t\t\t\t\t<img loading=\"lazy\" decoding=\"async\" width=\"300\" height=\"101\" src=\"https:\/\/maisagt.com\/wp-content\/uploads\/2024\/09\/logo_champurradas_instantaneas_maisa-300x101.png\" class=\"attachment-medium size-medium wp-image-2908\" alt=\"\" srcset=\"https:\/\/maisagt.com\/wp-content\/uploads\/2024\/09\/logo_champurradas_instantaneas_maisa-300x101.png 300w, https:\/\/maisagt.com\/wp-content\/uploads\/2024\/09\/logo_champurradas_instantaneas_maisa-1024x344.png 1024w, https:\/\/maisagt.com\/wp-content\/uploads\/2024\/09\/logo_champurradas_instantaneas_maisa-768x258.png 768w, https:\/\/maisagt.com\/wp-content\/uploads\/2024\/09\/logo_champurradas_instantaneas_maisa-285x96.png 285w, https:\/\/maisagt.com\/wp-content\/uploads\/2024\/09\/logo_champurradas_instantaneas_maisa-660x222.png 660w, https:\/\/maisagt.com\/wp-content\/uploads\/2024\/09\/logo_champurradas_instantaneas_maisa-150x50.png 150w, https:\/\/maisagt.com\/wp-content\/uploads\/2024\/09\/logo_champurradas_instantaneas_maisa.png 1137w\" sizes=\"(max-width: 300px) 100vw, 300px\" \/>\t\t\t\t\t\t\t\t\t\t\t\t\t\t\t<\/div>\n\t\t\t\t<\/div>\n\t\t\t\t<div class=\"elementor-element elementor-element-193f827 elementor-widget__width-initial elementor-widget elementor-widget-heading\" data-id=\"193f827\" data-element_type=\"widget\" data-widget_type=\"heading.default\">\n\t\t\t\t<div class=\"elementor-widget-container\">\n\t\t\t\t\t<h3 class=\"elementor-heading-title elementor-size-default elementor-heading-title elementor-align-after-mobile-center\">\u00a1M\u00e1s tiempo para compartir!<\/h3>\t\t\t\t<\/div>\n\t\t\t\t<\/div>\n\t\t\t\t<div class=\"elementor-element elementor-element-9a23489 elementor-widget elementor-widget-text-editor\" data-id=\"9a23489\" data-element_type=\"widget\" data-widget_type=\"text-editor.default\">\n\t\t\t\t<div class=\"elementor-widget-container\">\n\t\t\t\t\t\t\t\t\t<p>Gracias a su f\u00e1cil preparaci\u00f3n, pasa m\u00e1s tiempo en familia, recordando los buenos momentos acompa\u00f1ados de una champurrada o galletas caseras. <br \/>La mezcla Instant\u00e1nea para Champurradas Maisa est\u00e1 disponible en su presentaci\u00f3n de 400 gramos.<\/p>\t\t\t\t\t\t\t\t<\/div>\n\t\t\t\t<\/div>\n\t\t\t\t<\/div>\n\t\t\t\t\t<\/div>\n\t\t\t\t<\/div>\n\t\t<div class=\"elementor-element elementor-element-3d5a638 e-flex e-con-boxed e-con e-parent\" data-id=\"3d5a638\" data-element_type=\"container\">\n\t\t\t\t\t<div class=\"e-con-inner\">\n\t\t\t\t<div class=\"elementor-element elementor-element-0ed3133 elementor-widget-divider--view-line elementor-widget elementor-widget-divider\" data-id=\"0ed3133\" data-element_type=\"widget\" data-widget_type=\"divider.default\">\n\t\t\t\t<div class=\"elementor-widget-container\">\n\t\t\t\t\t\t\t<div class=\"elementor-divider\">\n\t\t\t<span class=\"elementor-divider-separator\">\n\t\t\t\t\t\t<\/span>\n\t\t<\/div>\n\t\t\t\t\t\t<\/div>\n\t\t\t\t<\/div>\n\t\t\t\t\t<\/div>\n\t\t\t\t<\/div>\n\t\t<div class=\"elementor-element elementor-element-048b24d e-flex e-con-boxed e-con e-parent\" data-id=\"048b24d\" data-element_type=\"container\">\n\t\t\t\t\t<div class=\"e-con-inner\">\n\t\t<div class=\"elementor-element elementor-element-b62766f e-con-full e-flex e-con e-child\" data-id=\"b62766f\" data-element_type=\"container\">\n\t\t\t\t<div class=\"elementor-element elementor-element-4ef419f elementor-widget elementor-widget-image\" data-id=\"4ef419f\" data-element_type=\"widget\" data-widget_type=\"image.default\">\n\t\t\t\t<div class=\"elementor-widget-container\">\n\t\t\t\t\t\t\t\t\t\t\t\t\t\t\t<img loading=\"lazy\" decoding=\"async\" width=\"223\" height=\"300\" src=\"https:\/\/maisagt.com\/wp-content\/uploads\/2024\/09\/churros_instantaneos_maisa-223x300.png\" class=\"attachment-medium size-medium wp-image-2907\" alt=\"\" srcset=\"https:\/\/maisagt.com\/wp-content\/uploads\/2024\/09\/churros_instantaneos_maisa-223x300.png 223w, https:\/\/maisagt.com\/wp-content\/uploads\/2024\/09\/churros_instantaneos_maisa-285x384.png 285w, https:\/\/maisagt.com\/wp-content\/uploads\/2024\/09\/churros_instantaneos_maisa-490x660.png 490w, https:\/\/maisagt.com\/wp-content\/uploads\/2024\/09\/churros_instantaneos_maisa-111x150.png 111w, https:\/\/maisagt.com\/wp-content\/uploads\/2024\/09\/churros_instantaneos_maisa.png 588w\" sizes=\"(max-width: 223px) 100vw, 223px\" \/>\t\t\t\t\t\t\t\t\t\t\t\t\t\t\t<\/div>\n\t\t\t\t<\/div>\n\t\t\t\t<\/div>\n\t\t<div class=\"elementor-element elementor-element-f2aa9c1 e-con-full e-flex e-con e-child\" data-id=\"f2aa9c1\" data-element_type=\"container\">\n\t\t\t\t<div class=\"elementor-element elementor-element-90436a5 elementor-widget elementor-widget-image\" data-id=\"90436a5\" data-element_type=\"widget\" data-widget_type=\"image.default\">\n\t\t\t\t<div class=\"elementor-widget-container\">\n\t\t\t\t\t\t\t\t\t\t\t\t\t\t\t<img loading=\"lazy\" decoding=\"async\" width=\"300\" height=\"130\" src=\"https:\/\/maisagt.com\/wp-content\/uploads\/2024\/09\/logo_churros_instantaneos_maisa-300x130.png\" class=\"attachment-medium size-medium wp-image-2901\" alt=\"\" srcset=\"https:\/\/maisagt.com\/wp-content\/uploads\/2024\/09\/logo_churros_instantaneos_maisa-300x130.png 300w, https:\/\/maisagt.com\/wp-content\/uploads\/2024\/09\/logo_churros_instantaneos_maisa-1024x442.png 1024w, https:\/\/maisagt.com\/wp-content\/uploads\/2024\/09\/logo_churros_instantaneos_maisa-768x332.png 768w, https:\/\/maisagt.com\/wp-content\/uploads\/2024\/09\/logo_churros_instantaneos_maisa-285x123.png 285w, https:\/\/maisagt.com\/wp-content\/uploads\/2024\/09\/logo_churros_instantaneos_maisa-660x285.png 660w, https:\/\/maisagt.com\/wp-content\/uploads\/2024\/09\/logo_churros_instantaneos_maisa-150x65.png 150w, https:\/\/maisagt.com\/wp-content\/uploads\/2024\/09\/logo_churros_instantaneos_maisa.png 1146w\" sizes=\"(max-width: 300px) 100vw, 300px\" \/>\t\t\t\t\t\t\t\t\t\t\t\t\t\t\t<\/div>\n\t\t\t\t<\/div>\n\t\t\t\t<div class=\"elementor-element elementor-element-aed7439 elementor-widget__width-initial elementor-widget elementor-widget-heading\" data-id=\"aed7439\" data-element_type=\"widget\" data-widget_type=\"heading.default\">\n\t\t\t\t<div class=\"elementor-widget-container\">\n\t\t\t\t\t<h3 class=\"elementor-heading-title elementor-size-default elementor-heading-title elementor-align-after-mobile-center\">\u00a1Consentirnos nunca fue tan f\u00e1cil!<\/h3>\t\t\t\t<\/div>\n\t\t\t\t<\/div>\n\t\t\t\t<div class=\"elementor-element elementor-element-fb06438 elementor-widget elementor-widget-text-editor\" data-id=\"fb06438\" data-element_type=\"widget\" data-widget_type=\"text-editor.default\">\n\t\t\t\t<div class=\"elementor-widget-container\">\n\t\t\t\t\t\t\t\t\t<p>Solo agregando agua hirviendo, tendr\u00e1s listo una masa para preparar deliciosos churros. Y as\u00ed darte el gusto que tanto mereces.<br \/>La Harina Instant\u00e1nea para Churros Maisa esta disponible en su presentaci\u00f3n de 400 gramos.<\/p>\t\t\t\t\t\t\t\t<\/div>\n\t\t\t\t<\/div>\n\t\t\t\t<\/div>\n\t\t\t\t\t<\/div>\n\t\t\t\t<\/div>\n\t\t<div class=\"elementor-element elementor-element-cc3ab33 e-flex e-con-boxed e-con e-parent\" data-id=\"cc3ab33\" data-element_type=\"container\">\n\t\t\t\t\t<div class=\"e-con-inner\">\n\t\t\t\t<div class=\"elementor-element elementor-element-eb426d6 elementor-widget-divider--view-line elementor-widget elementor-widget-divider\" data-id=\"eb426d6\" data-element_type=\"widget\" data-widget_type=\"divider.default\">\n\t\t\t\t<div class=\"elementor-widget-container\">\n\t\t\t\t\t\t\t<div class=\"elementor-divider\">\n\t\t\t<span class=\"elementor-divider-separator\">\n\t\t\t\t\t\t<\/span>\n\t\t<\/div>\n\t\t\t\t\t\t<\/div>\n\t\t\t\t<\/div>\n\t\t\t\t\t<\/div>\n\t\t\t\t<\/div>\n\t\t<div class=\"elementor-element elementor-element-471c302 e-flex e-con-boxed e-con e-parent\" data-id=\"471c302\" data-element_type=\"container\">\n\t\t\t\t\t<div class=\"e-con-inner\">\n\t\t<div class=\"elementor-element elementor-element-54084f5 e-con-full e-flex e-con e-child\" data-id=\"54084f5\" data-element_type=\"container\">\n\t\t\t\t<div class=\"elementor-element elementor-element-c7c815a elementor-widget__width-initial elementor-widget elementor-widget-image\" data-id=\"c7c815a\" data-element_type=\"widget\" data-widget_type=\"image.default\">\n\t\t\t\t<div class=\"elementor-widget-container\">\n\t\t\t\t\t\t\t\t\t\t\t\t\t\t\t<img loading=\"lazy\" decoding=\"async\" width=\"187\" height=\"300\" src=\"https:\/\/maisagt.com\/wp-content\/uploads\/2024\/09\/aceite_en_aerosol_maisa-187x300.png\" class=\"attachment-medium size-medium wp-image-2905\" alt=\"\" srcset=\"https:\/\/maisagt.com\/wp-content\/uploads\/2024\/09\/aceite_en_aerosol_maisa-187x300.png 187w, https:\/\/maisagt.com\/wp-content\/uploads\/2024\/09\/aceite_en_aerosol_maisa-285x456.png 285w, https:\/\/maisagt.com\/wp-content\/uploads\/2024\/09\/aceite_en_aerosol_maisa-412x660.png 412w, https:\/\/maisagt.com\/wp-content\/uploads\/2024\/09\/aceite_en_aerosol_maisa-94x150.png 94w, https:\/\/maisagt.com\/wp-content\/uploads\/2024\/09\/aceite_en_aerosol_maisa.png 566w\" sizes=\"(max-width: 187px) 100vw, 187px\" \/>\t\t\t\t\t\t\t\t\t\t\t\t\t\t\t<\/div>\n\t\t\t\t<\/div>\n\t\t\t\t<\/div>\n\t\t<div class=\"elementor-element elementor-element-e6e6a0e e-con-full e-flex e-con e-child\" data-id=\"e6e6a0e\" data-element_type=\"container\">\n\t\t<div class=\"elementor-element elementor-element-0a521fd e-flex e-con-boxed e-con e-child\" data-id=\"0a521fd\" data-element_type=\"container\">\n\t\t\t\t\t<div class=\"e-con-inner\">\n\t\t\t\t<div class=\"elementor-element elementor-element-a586b9a elementor-widget__width-initial elementor-widget elementor-widget-image\" data-id=\"a586b9a\" data-element_type=\"widget\" data-widget_type=\"image.default\">\n\t\t\t\t<div class=\"elementor-widget-container\">\n\t\t\t\t\t\t\t\t\t\t\t\t\t\t\t<img loading=\"lazy\" decoding=\"async\" width=\"300\" height=\"285\" src=\"https:\/\/maisagt.com\/wp-content\/uploads\/2024\/09\/logo_aceite_en_aerosol_maisa-300x285.png\" class=\"attachment-medium size-medium wp-image-3028\" alt=\"\" srcset=\"https:\/\/maisagt.com\/wp-content\/uploads\/2024\/09\/logo_aceite_en_aerosol_maisa-300x285.png 300w, https:\/\/maisagt.com\/wp-content\/uploads\/2024\/09\/logo_aceite_en_aerosol_maisa-285x271.png 285w, https:\/\/maisagt.com\/wp-content\/uploads\/2024\/09\/logo_aceite_en_aerosol_maisa-150x143.png 150w, https:\/\/maisagt.com\/wp-content\/uploads\/2024\/09\/logo_aceite_en_aerosol_maisa.png 500w\" sizes=\"(max-width: 300px) 100vw, 300px\" \/>\t\t\t\t\t\t\t\t\t\t\t\t\t\t\t<\/div>\n\t\t\t\t<\/div>\n\t\t\t\t<div class=\"elementor-element elementor-element-6736178 elementor-widget__width-initial elementor-widget elementor-widget-spacer\" data-id=\"6736178\" data-element_type=\"widget\" data-widget_type=\"spacer.default\">\n\t\t\t\t<div class=\"elementor-widget-container\">\n\t\t\t\t\t\t\t<div class=\"elementor-spacer\">\n\t\t\t<div class=\"elementor-spacer-inner\"><\/div>\n\t\t<\/div>\n\t\t\t\t\t\t<\/div>\n\t\t\t\t<\/div>\n\t\t\t\t<div class=\"elementor-element elementor-element-58f8730 elementor-widget__width-initial elementor-hidden-mobile elementor-widget elementor-widget-heading\" data-id=\"58f8730\" data-element_type=\"widget\" data-widget_type=\"heading.default\">\n\t\t\t\t<div class=\"elementor-widget-container\">\n\t\t\t\t\t<p class=\"elementor-heading-title elementor-size-default elementor-heading-title elementor-align-after-mobile-center\">Aceite en Aerosol Original y Light<\/p>\t\t\t\t<\/div>\n\t\t\t\t<\/div>\n\t\t\t\t<div class=\"elementor-element elementor-element-4c99df1 elementor-hidden-desktop elementor-hidden-tablet elementor-widget elementor-widget-text-editor\" data-id=\"4c99df1\" data-element_type=\"widget\" data-widget_type=\"text-editor.default\">\n\t\t\t\t<div class=\"elementor-widget-container\">\n\t\t\t\t\t\t\t\t\t<p>Aceite en Aerosol Original y Light<\/p>\t\t\t\t\t\t\t\t<\/div>\n\t\t\t\t<\/div>\n\t\t\t\t\t<\/div>\n\t\t\t\t<\/div>\n\t\t\t\t<div class=\"elementor-element elementor-element-8baa522 elementor-widget__width-initial elementor-widget elementor-widget-heading\" data-id=\"8baa522\" data-element_type=\"widget\" data-widget_type=\"heading.default\">\n\t\t\t\t<div class=\"elementor-widget-container\">\n\t\t\t\t\t<h3 class=\"elementor-heading-title elementor-size-default elementor-heading-title elementor-align-after-mobile-center\">\u00a1Menos calor\u00edas y todo el sabor!<\/h3>\t\t\t\t<\/div>\n\t\t\t\t<\/div>\n\t\t\t\t<div class=\"elementor-element elementor-element-975c6be elementor-widget-mobile__width-initial elementor-widget elementor-widget-text-editor\" data-id=\"975c6be\" data-element_type=\"widget\" data-widget_type=\"text-editor.default\">\n\t\t\t\t<div class=\"elementor-widget-container\">\n\t\t\t\t\t\t\t\t\t<p>Utiliza la cantidad justa y necesaria de aceite para cocinar tus platillos favoritos. Qui\u00e9n dijo que lo delicioso no puede ser sano?<br \/>Disfruta cocinando con el Aceite Vegetal en Aerosol Maisa. En sus presentaciones Light y Original de 5 oz.<\/p>\t\t\t\t\t\t\t\t<\/div>\n\t\t\t\t<\/div>\n\t\t\t\t<\/div>\n\t\t\t\t\t<\/div>\n\t\t\t\t<\/div>\n\t\t\t\t<\/div>\n\t\t","protected":false},"excerpt":{"rendered":"<p>\u00a1Practicidad con sabor a familia! Conoce nuestras innovaciones en alimentos que estamos seguros de que te encantaran. \u00a1Menos&#8230;<\/p>\n","protected":false},"author":2,"featured_media":0,"parent":0,"menu_order":0,"comment_status":"closed","ping_status":"closed","template":"","meta":{"footnotes":""},"class_list":["post-3026","page","type-page","status-publish","hentry"],"_links":{"self":[{"href":"https:\/\/maisagt.com\/index.php?rest_route=\/wp\/v2\/pages\/3026","targetHints":{"allow":["GET"]}}],"collection":[{"href":"https:\/\/maisagt.com\/index.php?rest_route=\/wp\/v2\/pages"}],"about":[{"href":"https:\/\/maisagt.com\/index.php?rest_route=\/wp\/v2\/types\/page"}],"author":[{"embeddable":true,"href":"https:\/\/maisagt.com\/index.php?rest_route=\/wp\/v2\/users\/2"}],"replies":[{"embeddable":true,"href":"https:\/\/maisagt.com\/index.php?rest_route=%2Fwp%2Fv2%2Fcomments&post=3026"}],"version-history":[{"count":43,"href":"https:\/\/maisagt.com\/index.php?rest_route=\/wp\/v2\/pages\/3026\/revisions"}],"predecessor-version":[{"id":3147,"href":"https:\/\/maisagt.com\/index.php?rest_route=\/wp\/v2\/pages\/3026\/revisions\/3147"}],"wp:attachment":[{"href":"https:\/\/maisagt.com\/index.php?rest_route=%2Fwp%2Fv2%2Fmedia&parent=3026"}],"curies":[{"name":"wp","href":"https:\/\/api.w.org\/{rel}","templated":true}]}}